{"id":8,"date":"2017-09-13T14:33:53","date_gmt":"2017-09-13T12:33:53","guid":{"rendered":"http:\/\/menuiseriecovolo.fr\/?page_id=8"},"modified":"2017-11-07T17:22:01","modified_gmt":"2017-11-07T16:22:01","slug":"a-propos-de","status":"publish","type":"page","link":"https:\/\/menuiseriecovolo.fr\/index.php\/a-propos-de\/","title":{"rendered":"\u00c0 propos de"},"content":{"rendered":"<p>Entreprise familiale fond\u00e9e en 1965. La menuiserie est sp\u00e9cialis\u00e9e dans la fabrication de mobilier d&rsquo;agencement pour les particuliers et les magasins.<\/p>\n<p>La soci\u00e9t\u00e9 sait aussi bien travailler les panneaux d\u00e9riv\u00e9s du bois que le bois massif. Elle r\u00e9alise \u00e9galement des menuiseries ext\u00e9rieures, escaliers, pose de parquets.<\/p>\n<p>L&rsquo;entreprise peut r\u00e9aliser la conception, la fabrication, et la pose de vos projets.<\/p>\n<p><img loading=\"lazy\" decoding=\"async\" class=\"alignnone size-full wp-image-133\" src=\"http:\/\/menuiseriecovolo.fr\/wp-content\/uploads\/2017\/09\/IMG_3728.jpg\" alt=\"\" width=\"4032\" height=\"3024\" srcset=\"https:\/\/menuiseriecovolo.fr\/wp-content\/uploads\/2017\/09\/IMG_3728.jpg 4032w, https:\/\/menuiseriecovolo.fr\/wp-content\/uploads\/2017\/09\/IMG_3728-300x225.jpg 300w, https:\/\/menuiseriecovolo.fr\/wp-content\/uploads\/2017\/09\/IMG_3728-768x576.jpg 768w, https:\/\/menuiseriecovolo.fr\/wp-content\/uploads\/2017\/09\/IMG_3728-1024x768.jpg 1024w\" sizes=\"(max-width: 4032px) 100vw, 4032px\" \/><\/p>\n","protected":false},"excerpt":{"rendered":"<p>Entreprise familiale fond\u00e9e en 1965. La menuiserie est sp\u00e9cialis\u00e9e dans la fabrication de mobilier d&rsquo;agencement pour les particuliers et les magasins. La soci\u00e9t\u00e9 sait aussi bien travailler les panneaux d\u00e9riv\u00e9s du bois que le bois massif. Elle r\u00e9alise \u00e9galement des menuiseries ext\u00e9rieures, escaliers, pose de parquets. L&rsquo;entreprise peut r\u00e9aliser la conception, la fabrication, et la<a class=\"moretag\" href=\"https:\/\/menuiseriecovolo.fr\/index.php\/a-propos-de\/\"><span class=\"screen-reader-text\">En savoir plus sur\u00c0 propos de<\/span>[&#8230;]<\/a><\/p>\n","protected":false},"author":1,"featured_media":0,"parent":0,"menu_order":3,"comment_status":"closed","ping_status":"closed","template":"","meta":{"footnotes":""},"aioseo_notices":[],"_links":{"self":[{"href":"https:\/\/menuiseriecovolo.fr\/index.php\/wp-json\/wp\/v2\/pages\/8"}],"collection":[{"href":"https:\/\/menuiseriecovolo.fr\/index.php\/wp-json\/wp\/v2\/pages"}],"about":[{"href":"https:\/\/menuiseriecovolo.fr\/index.php\/wp-json\/wp\/v2\/types\/page"}],"author":[{"embeddable":true,"href":"https:\/\/menuiseriecovolo.fr\/index.php\/wp-json\/wp\/v2\/users\/1"}],"replies":[{"embeddable":true,"href":"https:\/\/menuiseriecovolo.fr\/index.php\/wp-json\/wp\/v2\/comments?post=8"}],"version-history":[{"count":6,"href":"https:\/\/menuiseriecovolo.fr\/index.php\/wp-json\/wp\/v2\/pages\/8\/revisions"}],"predecessor-version":[{"id":134,"href":"https:\/\/menuiseriecovolo.fr\/index.php\/wp-json\/wp\/v2\/pages\/8\/revisions\/134"}],"wp:attachment":[{"href":"https:\/\/menuiseriecovolo.fr\/index.php\/wp-json\/wp\/v2\/media?parent=8"}],"curies":[{"name":"wp","href":"https:\/\/api.w.org\/{rel}","templated":true}]}}